{"id":11368,"date":"2026-01-01T08:19:41","date_gmt":"2026-01-01T08:19:41","guid":{"rendered":"https:\/\/tradentis.com\/fr\/?page_id=11368"},"modified":"2026-01-20T23:49:53","modified_gmt":"2026-01-20T23:49:53","slug":"blog","status":"publish","type":"page","link":"https:\/\/tradentis.com\/fr\/blog\/","title":{"rendered":"Blog"},"content":{"rendered":"\t\t<div data-elementor-type=\"wp-page\" data-elementor-id=\"11368\" class=\"elementor elementor-11368\">\n\t\t\t\t\t\t<section class=\"elementor-section elementor-top-section elementor-element elementor-element-771faa83 elementor-section-full_width elementor-section-height-default elementor-section-height-default\" data-id=\"771faa83\" data-element_type=\"section\" data-e-type=\"section\">\n\t\t\t\t\t\t<div class=\"elementor-container elementor-column-gap-default\">\n\t\t\t\t\t<div class=\"elementor-column elementor-col-100 elementor-top-column elementor-element elementor-element-1439b425\" data-id=\"1439b425\" data-element_type=\"column\" data-e-type=\"column\">\n\t\t\t<div class=\"elementor-widget-wrap elementor-element-populated\">\n\t\t\t\t\t\t<div class=\"elementor-element elementor-element-82c0df2 elementor-widget elementor-widget-image\" data-id=\"82c0df2\" data-element_type=\"widget\" data-e-type=\"widget\" data-widget_type=\"image.default\">\n\t\t\t\t\t\t\t\t\t\t\t\t\t\t\t<img fetchpriority=\"high\" decoding=\"async\" width=\"1920\" height=\"950\" src=\"https:\/\/tradentis.com\/fr\/wp-content\/uploads\/sites\/2\/2025\/12\/finger-touching-tablet-with-social-media-icons-concept-e1766046800144.jpg\" class=\"attachment-full size-full wp-image-11297\" alt=\"\" srcset=\"https:\/\/tradentis.com\/fr\/wp-content\/uploads\/sites\/2\/2025\/12\/finger-touching-tablet-with-social-media-icons-concept-e1766046800144.jpg 1920w, https:\/\/tradentis.com\/fr\/wp-content\/uploads\/sites\/2\/2025\/12\/finger-touching-tablet-with-social-media-icons-concept-e1766046800144-300x148.jpg 300w, https:\/\/tradentis.com\/fr\/wp-content\/uploads\/sites\/2\/2025\/12\/finger-touching-tablet-with-social-media-icons-concept-e1766046800144-1024x507.jpg 1024w, https:\/\/tradentis.com\/fr\/wp-content\/uploads\/sites\/2\/2025\/12\/finger-touching-tablet-with-social-media-icons-concept-e1766046800144-1536x760.jpg 1536w, https:\/\/tradentis.com\/fr\/wp-content\/uploads\/sites\/2\/2025\/12\/finger-touching-tablet-with-social-media-icons-concept-e1766046800144-768x380.jpg 768w\" sizes=\"(max-width: 1920px) 100vw, 1920px\" title=\"\">\t\t\t\t\t\t\t\t\t\t\t\t\t\t\t<\/div>\n\t\t\t\t<section class=\"elementor-section elementor-inner-section elementor-element elementor-element-bbf973c elementor-section-boxed elementor-section-height-default elementor-section-height-default\" data-id=\"bbf973c\" data-element_type=\"section\" data-e-type=\"section\">\n\t\t\t\t\t\t<div class=\"elementor-container elementor-column-gap-no\">\n\t\t\t\t\t<div class=\"elementor-column elementor-col-100 elementor-inner-column elementor-element elementor-element-4c7f365\" data-id=\"4c7f365\" data-element_type=\"column\" data-e-type=\"column\">\n\t\t\t<div class=\"elementor-widget-wrap\">\n\t\t\t\t\t\t\t<\/div>\n\t\t<\/div>\n\t\t\t\t\t<\/div>\n\t\t<\/section>\n\t\t\t\t<section class=\"elementor-section elementor-inner-section elementor-element elementor-element-18aad932 elementor-section-boxed elementor-section-height-default elementor-section-height-default\" data-id=\"18aad932\" data-element_type=\"section\" data-e-type=\"section\">\n\t\t\t\t\t\t<div class=\"elementor-container elementor-column-gap-no\">\n\t\t\t\t\t<div class=\"elementor-column elementor-col-100 elementor-inner-column elementor-element elementor-element-9c7ccb4\" data-id=\"9c7ccb4\" data-element_type=\"column\" data-e-type=\"column\">\n\t\t\t<div class=\"elementor-widget-wrap elementor-element-populated\">\n\t\t\t\t\t\t<div class=\"elementor-element elementor-element-18f06854 elementor-widget elementor-widget-ld_blog\" data-id=\"18f06854\" data-element_type=\"widget\" data-e-type=\"widget\" data-widget_type=\"ld_blog.default\">\n\t\t\t\t<div class=\"elementor-widget-container\">\n\t\t\t\t\t<div class=\"lqd-lp-grid 18f06854 blog-id-418408532 \"><div class=\"lqd-lp-row d-flex flex-wrap row pos-rel\" ><div class=\"lqd-lp-column d-flex flex-column col-md-12 3d-solutions\"><article id=\"post-11399\" class=\"lqd-lp pos-rel lqd-lp-style-10 lqd-lp-hover-img-zoom lqd-lp-title-highlight text-start post-11399 post type-post status-publish format-standard has-post-thumbnail hentry category-3d-solutions\"><div class=\"lqd-lp-img pos-rel mb-4 overflow-hidden\">\n\t<figure class=\"pos-rel overflow-hidden\"><img decoding=\"async\" width=\"2000\" height=\"1125\" src=\"data:image\/svg+xml;charset=utf-8,%3Csvg xmlns%3D&#039;http%3A%2F%2Fwww.w3.org%2F2000%2Fsvg&#039; viewBox%3D&#039;0 0 2000 1125&#039;%2F%3E\" class=\"w-100 ld-lazyload wp-post-image\" alt=\"\" data-src=\"https:\/\/tradentis.com\/fr\/wp-content\/uploads\/sites\/2\/2025\/12\/industrial-3d-solutions-1.jpg\" data-srcset=\"https:\/\/tradentis.com\/fr\/wp-content\/uploads\/sites\/2\/2025\/12\/industrial-3d-solutions-1.jpg 2000w, https:\/\/tradentis.com\/fr\/wp-content\/uploads\/sites\/2\/2025\/12\/industrial-3d-solutions-1-300x169.jpg 300w, https:\/\/tradentis.com\/fr\/wp-content\/uploads\/sites\/2\/2025\/12\/industrial-3d-solutions-1-1024x576.jpg 1024w\" data-sizes=\"(max-width: 2000px) 100vw, 2000px\" data-aspect=\"1.7777777777778\" title=\"\"><\/figure>\t<footer class=\"lqd-lp-footer d-flex align-items-end justify-content-end pos-abs w-100 h-100\">\n\n\t\t<a href=\"https:\/\/tradentis.com\/fr\/blog\/prevention-arrets-chantier-pieces-rechange-imprimees-3d-pour-engins-construction\/\" class=\"btn btn-solid border-none btn-xsm text-uppercase\">\n\t\t\t<span class=\"btn-txt\">read<\/span>\n\t\t\t<span class=\"btn-icon\">\n\t\t\t\t<i class=\"lqd-icn-ess icon-ion-ios-add\"><\/i>\n\t\t\t<\/span>\n\t\t<\/a>\n\n\t<\/footer>\n\n<\/div>\n\n<div class=\"lqd-lp-meta d-flex align-items-center p-0 mb-3\">\n\t\n\t<span class=\"screen-reader-text\">Tags <\/span><ul class=\"lqd-lp-cat reset-ul inline-nav pos-rel z-index-3 text-uppercase ltr-sp-1\"><li><a href=\"https:\/\/tradentis.com\/fr\/blog\/category\/3d-solutions\/\" rel=\"category\">3D Solutions<\/a><\/li><\/ul>\n<\/div>\n\n<header class=\"lqd-lp-header mt-2 mb-3\">\n\t<h2 class=\"lqd-lp-title h5 m-0 pos-rel z-index-2\">\n\t\t<a href=\"https:\/\/tradentis.com\/fr\/blog\/prevention-arrets-chantier-pieces-rechange-imprimees-3d-pour-engins-construction\/\" data-split-text=\"true\" data-split-options='{\"type\": \"lines\", \"disableOnMobile\": true}'>Pr\u00e9vention des arr\u00eats de chantier : Pi\u00e8ces de rechange imprim\u00e9es en 3D pour engins de construction<\/a>\n\t<\/h2>\n<\/header>\n\n<a  href=\"https:\/\/tradentis.com\/fr\/blog\/prevention-arrets-chantier-pieces-rechange-imprimees-3d-pour-engins-construction\/\" class=\"lqd-lp-overlay-link lqd-overlay z-index-2\"><\/a><\/article><\/div><div class=\"lqd-lp-column d-flex flex-column col-md-12 textile\"><article id=\"post-11310\" class=\"lqd-lp pos-rel lqd-lp-style-10 lqd-lp-hover-img-zoom lqd-lp-title-highlight text-start post-11310 post type-post status-publish format-standard has-post-thumbnail hentry category-textile tag-textile-hotelier\"><div class=\"lqd-lp-img pos-rel mb-4 overflow-hidden\">\n\t<figure class=\"pos-rel overflow-hidden\"><img decoding=\"async\" width=\"2000\" height=\"1120\" src=\"data:image\/svg+xml;charset=utf-8,%3Csvg xmlns%3D&#039;http%3A%2F%2Fwww.w3.org%2F2000%2Fsvg&#039; viewBox%3D&#039;0 0 2000 1120&#039;%2F%3E\" class=\"w-100 ld-lazyload wp-post-image\" alt=\"\" data-src=\"https:\/\/tradentis.com\/fr\/wp-content\/uploads\/sites\/2\/2025\/12\/hotel-linen-choice-cotton-vs-polycotton-e1766049443295.jpg\" data-srcset=\"https:\/\/tradentis.com\/fr\/wp-content\/uploads\/sites\/2\/2025\/12\/hotel-linen-choice-cotton-vs-polycotton-e1766049443295.jpg 2000w, https:\/\/tradentis.com\/fr\/wp-content\/uploads\/sites\/2\/2025\/12\/hotel-linen-choice-cotton-vs-polycotton-e1766049443295-300x168.jpg 300w, https:\/\/tradentis.com\/fr\/wp-content\/uploads\/sites\/2\/2025\/12\/hotel-linen-choice-cotton-vs-polycotton-e1766049443295-1024x573.jpg 1024w, https:\/\/tradentis.com\/fr\/wp-content\/uploads\/sites\/2\/2025\/12\/hotel-linen-choice-cotton-vs-polycotton-e1766049443295-1250x700.jpg 1250w, https:\/\/tradentis.com\/fr\/wp-content\/uploads\/sites\/2\/2025\/12\/hotel-linen-choice-cotton-vs-polycotton-e1766049443295-768x430.jpg 768w, https:\/\/tradentis.com\/fr\/wp-content\/uploads\/sites\/2\/2025\/12\/hotel-linen-choice-cotton-vs-polycotton-e1766049443295-1536x860.jpg 1536w\" data-sizes=\"(max-width: 2000px) 100vw, 2000px\" data-aspect=\"1.7857142857143\" title=\"\"><\/figure>\t<footer class=\"lqd-lp-footer d-flex align-items-end justify-content-end pos-abs w-100 h-100\">\n\n\t\t<a href=\"https:\/\/tradentis.com\/fr\/blog\/choisir-linge-hotelier-100-coton-ou-polycoton-pour-lavage-industriel\/\" class=\"btn btn-solid border-none btn-xsm text-uppercase\">\n\t\t\t<span class=\"btn-txt\">read<\/span>\n\t\t\t<span class=\"btn-icon\">\n\t\t\t\t<i class=\"lqd-icn-ess icon-ion-ios-add\"><\/i>\n\t\t\t<\/span>\n\t\t<\/a>\n\n\t<\/footer>\n\n<\/div>\n\n<div class=\"lqd-lp-meta d-flex align-items-center p-0 mb-3\">\n\t\n\t<span class=\"screen-reader-text\">Tags <\/span><ul class=\"lqd-lp-cat reset-ul inline-nav pos-rel z-index-3 text-uppercase ltr-sp-1\"><li><a href=\"https:\/\/tradentis.com\/fr\/blog\/category\/textile\/\" rel=\"category\">Textile<\/a><\/li><\/ul>\n<\/div>\n\n<header class=\"lqd-lp-header mt-2 mb-3\">\n\t<h2 class=\"lqd-lp-title h5 m-0 pos-rel z-index-2\">\n\t\t<a href=\"https:\/\/tradentis.com\/fr\/blog\/choisir-linge-hotelier-100-coton-ou-polycoton-pour-lavage-industriel\/\" data-split-text=\"true\" data-split-options='{\"type\": \"lines\", \"disableOnMobile\": true}'>Choisir son linge h\u00f4telier : 100 % Coton ou Polycoton pour le lavage industriel<\/a>\n\t<\/h2>\n<\/header>\n\n<a  href=\"https:\/\/tradentis.com\/fr\/blog\/choisir-linge-hotelier-100-coton-ou-polycoton-pour-lavage-industriel\/\" class=\"lqd-lp-overlay-link lqd-overlay z-index-2\"><\/a><\/article><\/div><\/div><!--\/ .row --><\/div><!--\/ .lqd-lp-grid -->\t\t\t\t<\/div>\n\t\t\t\t<\/div>\n\t\t\t\t\t<\/div>\n\t\t<\/div>\n\t\t\t\t\t<\/div>\n\t\t<\/section>\n\t\t\t\t\t<\/div>\n\t\t<\/div>\n\t\t\t\t\t<\/div>\n\t\t<\/section>\n\t\t\t\t<\/div>\n\t\t","protected":false},"excerpt":{"rendered":"<p>read Tags 3D Solutions Preventing Site Downtime: 3D Printed Spare Parts for Construction Machinery read Tags Textile Choosing Hotel Linens: 100% Cotton vs. Polycotton for Industrial Washing<\/p>\n","protected":false},"author":1,"featured_media":0,"parent":0,"menu_order":0,"comment_status":"closed","ping_status":"closed","template":"","meta":{"footnotes":""},"class_list":["post-11368","page","type-page","status-publish","hentry"],"_links":{"self":[{"href":"https:\/\/tradentis.com\/fr\/wp-json\/wp\/v2\/pages\/11368","targetHints":{"allow":["GET"]}}],"collection":[{"href":"https:\/\/tradentis.com\/fr\/wp-json\/wp\/v2\/pages"}],"about":[{"href":"https:\/\/tradentis.com\/fr\/wp-json\/wp\/v2\/types\/page"}],"author":[{"embeddable":true,"href":"https:\/\/tradentis.com\/fr\/wp-json\/wp\/v2\/users\/1"}],"replies":[{"embeddable":true,"href":"https:\/\/tradentis.com\/fr\/wp-json\/wp\/v2\/comments?post=11368"}],"version-history":[{"count":0,"href":"https:\/\/tradentis.com\/fr\/wp-json\/wp\/v2\/pages\/11368\/revisions"}],"wp:attachment":[{"href":"https:\/\/tradentis.com\/fr\/wp-json\/wp\/v2\/media?parent=11368"}],"curies":[{"name":"wp","href":"https:\/\/api.w.org\/{rel}","templated":true}]}}