{"id":7,"date":"2026-01-01T12:44:00","date_gmt":"2026-01-01T12:44:00","guid":{"rendered":"https:\/\/staging-arc.liquid-themes.com\/modern-blocks\/?page_id=7"},"modified":"2026-01-21T00:07:47","modified_gmt":"2026-01-21T00:07:47","slug":"homepage","status":"publish","type":"page","link":"https:\/\/tradentis.com\/fr\/","title":{"rendered":"Grossiste et Fabricant de Turquie"},"content":{"rendered":"\t\t<div data-elementor-type=\"wp-page\" data-elementor-id=\"7\" class=\"elementor elementor-7\">\n\t\t\t\t\t\t<section data-section-luminosity=\"light\" class=\"elementor-section elementor-top-section elementor-element elementor-element-e303a91 elementor-section-full_width elementor-section-height-min-height elementor-section-height-default elementor-section-items-middle\" data-id=\"e303a91\" data-element_type=\"section\" data-e-type=\"section\">\n\t\t\t\t\t\t<div class=\"elementor-container elementor-column-gap-no\">\n\t\t\t\t\t<div class=\"elementor-column elementor-col-100 elementor-top-column elementor-element elementor-element-c97a71b\" data-id=\"c97a71b\" data-element_type=\"column\" data-e-type=\"column\">\n\t\t\t<div class=\"elementor-widget-wrap elementor-element-populated\">\n\t\t\t\t\t\t<div class=\"elementor-element elementor-element-631a689 elementor-widget elementor-widget-ld_animated_frame\" data-id=\"631a689\" data-element_type=\"widget\" data-e-type=\"widget\" data-widget_type=\"ld_animated_frame.default\">\n\t\t\t\t<div class=\"elementor-widget-container\">\n\t\t\t\t\t\t\t<div class=\"lqd-af w-100 h-vh-100 pos-rel overflow-hidden\" data-liquid-animatedframes=\"true\"  data-af-options='{\"scrollable\":true,\"forceDisablingWindowScroll\":true}'>\n\t\t\t<div class=\"lqd-af-slides lqd-overlay\">\n\n\t\t\t\n\t\t\t\t<div class=\"lqd-af-slide d-flex flex-column align-items-center justify-content-center lqd-overlay overflow-hidden elementor-repeater-item-3424096\">\n\n\t\t\t\t\t<div class=\"lqd-af-slide__img lqd-overlay overflow-hidden will-change-transform\">\n\t\t\t\t\t\t<div class=\"lqd-af-slide__img__inner w-100 h-100 overflow-hidden will-change-transform\">\n\t\t\t\t\t\t\t<figure class=\"w-100 h-100 overflow-hidden will-change-transform\">\n\t\t\t\t\t\t<div class=\"lqd-vbg-wrap\">\n\t\t\t\t\t\t\t<div class=\"lqd-vbg-inner\">\n\t\t\t\t\t\t\t\t<span class=\"lqd-vbg-loader\"><\/span>\n\t\t\t\t\t\t\t\t<div\n\t\t\t\t\t\t\t\t\tclass=\"lqd-vbg-video\"\n\t\t\t\t\t\t\t\t\tdata-video-bg=\"true\"\n\t\t\t\t\t\t\t\t\tdata-youtube-options='{\n\t\t\t\t\t\t\t\t\t\t\"videoURL\": \"https:\/\/youtu.be\/FAZdosmaCkU\",\n\t\t\t\t\t\t\t\t\t\t\"startAt\": 0,\n\t\t\t\t\t\t\t\t\t\t\"stopAt\": \"9\"\n\t\t\t\t\t\t\t\t\t}'\n\t\t\t\t\t\t\t\t><\/div>\n\t\t\t\t\t\t\t<\/div>\n\t\t\t\t\t\t<\/div>\n\t\t\t\t\t<\/figure>\t\t\t\t\t\t\t<span class=\"lqd-overlay\"><\/span>\n\t\t\t\t\t\t<\/div>\n\t\t\t\t\t<\/div>\n\n\t\t\t\t\t<div class=\"lqd-af-slide__content w-100 pos-rel z-index-5\">\n\t\t\t\t\t\t\t\t\t\t\t\t\t<div class=\"lqd-af-slide__title-container d-inline-block pos-rel\">\n\t\t\t\t\t\t\t\t<svg class=\"lqd-af-slide__title-svg lqd-overlay\" height=\"100\" width=\"100\">\n\t\t\t\t\t\t\t\t\t<mask id=\"slide-3424096\">\n\t\t\t\t\t\t\t\t\t\t<rect x=\"0\" y=\"0\" width=\"100%\" height=\"100%\" fill=\"#fff\" class=\"lqd-af-slide__mask-rect\" \/>\n\t\t\t\t\t\t\t\t\t\t<text dominant-baseline=\"middle\" text-anchor=\"start\" x=\"0.35em\" y=\"55%\" class=\"lqd-af-slide__title lqd-af-slide__title-text h2\" fill=\"#000\">TRADENTIS Turquie<\/text>\n\t\t\t\t\t\t\t\t\t<\/mask>\n\t\t\t\t\t\t\t\t\t<rect width=\"100%\" height=\"100%\" class=\"lqd-af-slide__title-bg\" mask=\"url(#slide-3424096)\" fill=\"currentColor\"\/>\n\t\t\t\t\t\t\t\t<\/svg>\n\t\t\t\t\t\t\t\t<h2 class=\"lqd-af-slide__title invisible ws-nowrap\">TRADENTIS Turquie<\/h2>\n\t\t\t\t\t\t\t<\/div>\n\t\t\t\t\t\t\t<p class=\"lqd-af-slide__desc pos-rel\">Votre partenaire de confiance en approvisionnement et solutions industrielles. De la conception \u00e0 la livraison en Afrique et en Europe, TRADENTIS assure un service d'approvisionnement complet et fiable pour tous vos am\u00e9nagements professionnels.<\/p>\t\t\t\t\t\t<div class=\"lqd-af-slide__link\">\n\t\t\t\t\t\t\t\t\t\t\t\t\t<\/div>\n\t\t\t\t\t\t<!-- for custom cursor arrow -->\n\t\t\t\t\t\t\t\t\t\t\t\t\t\t\t\t\t\t\t\t<a href=\"\/fr\/nos-produits\/\" class=\"lqd-overlay z-index-5\"><\/a>\n\t\t\t\t\t\t\t\t\t\t\t<\/div>\n\n\t\t\t\t\t\t\t\t\t\t\t<a href=\"\/fr\/nos-produits\/\" class=\"lqd-overlay z-index-4\"><\/a>\n\t\t\t\t\t\n\t\t\t\t<\/div>\n\n\t\t\t\t\n\t\t\t\t<div class=\"lqd-af-slide d-flex flex-column align-items-center justify-content-center lqd-overlay overflow-hidden elementor-repeater-item-6df4e59\">\n\n\t\t\t\t\t<div class=\"lqd-af-slide__img lqd-overlay overflow-hidden will-change-transform\">\n\t\t\t\t\t\t<div class=\"lqd-af-slide__img__inner w-100 h-100 overflow-hidden will-change-transform\">\n\t\t\t\t\t\t\t<figure class=\"w-100 h-100 overflow-hidden will-change-transform\"><img decoding=\"async\" class=\"w-100 h-100 objfit-cover objpos-center\" src=\"https:\/\/tradentis.com\/fr\/wp-content\/uploads\/2025\/12\/TRANDETIS-Turkey_Furnitures-1.png\" alt=\"MOBILIER\" title=\"\"><span class=\"lqd-overlay\"><\/span><\/figure>\t\t\t\t\t\t\t<span class=\"lqd-overlay\"><\/span>\n\t\t\t\t\t\t<\/div>\n\t\t\t\t\t<\/div>\n\n\t\t\t\t\t<div class=\"lqd-af-slide__content w-100 pos-rel z-index-5\">\n\t\t\t\t\t\t\t\t\t\t\t\t\t<div class=\"lqd-af-slide__title-container d-inline-block pos-rel\">\n\t\t\t\t\t\t\t\t<svg class=\"lqd-af-slide__title-svg lqd-overlay\" height=\"100\" width=\"100\">\n\t\t\t\t\t\t\t\t\t<mask id=\"slide-6df4e59\">\n\t\t\t\t\t\t\t\t\t\t<rect x=\"0\" y=\"0\" width=\"100%\" height=\"100%\" fill=\"#fff\" class=\"lqd-af-slide__mask-rect\" \/>\n\t\t\t\t\t\t\t\t\t\t<text dominant-baseline=\"middle\" text-anchor=\"start\" x=\"0.35em\" y=\"55%\" class=\"lqd-af-slide__title lqd-af-slide__title-text h2\" fill=\"#000\">MOBILIER<\/text>\n\t\t\t\t\t\t\t\t\t<\/mask>\n\t\t\t\t\t\t\t\t\t<rect width=\"100%\" height=\"100%\" class=\"lqd-af-slide__title-bg\" mask=\"url(#slide-6df4e59)\" fill=\"currentColor\"\/>\n\t\t\t\t\t\t\t\t<\/svg>\n\t\t\t\t\t\t\t\t<h2 class=\"lqd-af-slide__title invisible ws-nowrap\">MOBILIER<\/h2>\n\t\t\t\t\t\t\t<\/div>\n\t\t\t\t\t\t\t<p class=\"lqd-af-slide__desc pos-rel\">Mobilier de haute qualit\u00e9, con\u00e7u et adapt\u00e9 \u00e0 vos projets sp\u00e9cifiques pour les restaurants, les bureaux, les h\u00f4tels et les \u00e9tablissements d'enseignement.\n<\/p>\t\t\t\t\t\t<div class=\"lqd-af-slide__link\">\n\t\t\t\t\t\t\t\t\t\t\t\t\t<\/div>\n\t\t\t\t\t\t<!-- for custom cursor arrow -->\n\t\t\t\t\t\t\t\t\t\t\t\t\t\t\t\t\t\t\t\t<a href=\"\/fr\/mobilier\/\" class=\"lqd-overlay z-index-5\"><\/a>\n\t\t\t\t\t\t\t\t\t\t\t<\/div>\n\n\t\t\t\t\t\t\t\t\t\t\t<a href=\"\/fr\/mobilier\/\" class=\"lqd-overlay z-index-4\"><\/a>\n\t\t\t\t\t\n\t\t\t\t<\/div>\n\n\t\t\t\t\n\t\t\t\t<div class=\"lqd-af-slide d-flex flex-column align-items-center justify-content-center lqd-overlay overflow-hidden elementor-repeater-item-b18054d\">\n\n\t\t\t\t\t<div class=\"lqd-af-slide__img lqd-overlay overflow-hidden will-change-transform\">\n\t\t\t\t\t\t<div class=\"lqd-af-slide__img__inner w-100 h-100 overflow-hidden will-change-transform\">\n\t\t\t\t\t\t\t<figure class=\"w-100 h-100 overflow-hidden will-change-transform\"><img decoding=\"async\" class=\"w-100 h-100 objfit-cover objpos-center\" src=\"https:\/\/tradentis.com\/fr\/wp-content\/uploads\/2025\/12\/Tradentis-industrial-kitchen-hotel-project.jpg\" alt=\"CUISINES INDUSTRIELLES\" title=\"\"><span class=\"lqd-overlay\"><\/span><\/figure>\t\t\t\t\t\t\t<span class=\"lqd-overlay\"><\/span>\n\t\t\t\t\t\t<\/div>\n\t\t\t\t\t<\/div>\n\n\t\t\t\t\t<div class=\"lqd-af-slide__content w-100 pos-rel z-index-5\">\n\t\t\t\t\t\t\t\t\t\t\t\t\t<div class=\"lqd-af-slide__title-container d-inline-block pos-rel\">\n\t\t\t\t\t\t\t\t<svg class=\"lqd-af-slide__title-svg lqd-overlay\" height=\"100\" width=\"100\">\n\t\t\t\t\t\t\t\t\t<mask id=\"slide-b18054d\">\n\t\t\t\t\t\t\t\t\t\t<rect x=\"0\" y=\"0\" width=\"100%\" height=\"100%\" fill=\"#fff\" class=\"lqd-af-slide__mask-rect\" \/>\n\t\t\t\t\t\t\t\t\t\t<text dominant-baseline=\"middle\" text-anchor=\"start\" x=\"0.35em\" y=\"55%\" class=\"lqd-af-slide__title lqd-af-slide__title-text h2\" fill=\"#000\">CUISINES INDUSTRIELLES<\/text>\n\t\t\t\t\t\t\t\t\t<\/mask>\n\t\t\t\t\t\t\t\t\t<rect width=\"100%\" height=\"100%\" class=\"lqd-af-slide__title-bg\" mask=\"url(#slide-b18054d)\" fill=\"currentColor\"\/>\n\t\t\t\t\t\t\t\t<\/svg>\n\t\t\t\t\t\t\t\t<h2 class=\"lqd-af-slide__title invisible ws-nowrap\">CUISINES INDUSTRIELLES<\/h2>\n\t\t\t\t\t\t\t<\/div>\n\t\t\t\t\t\t\t<p class=\"lqd-af-slide__desc pos-rel\">Cuisines industrielles compl\u00e8tes, accompagn\u00e9es de tous les \u00e9quipements et accessoires de table n\u00e9cessaires \u2014 des solutions innovantes, durables et conformes aux normes internationales, con\u00e7ues pour optimiser la performance de vos installations.<\/p>\t\t\t\t\t\t<div class=\"lqd-af-slide__link\">\n\t\t\t\t\t\t\t\t\t\t\t\t\t<\/div>\n\t\t\t\t\t\t<!-- for custom cursor arrow -->\n\t\t\t\t\t\t\t\t\t\t\t\t\t\t\t\t\t\t\t\t<a href=\"\/fr\/cuisines-industrielles\/\" class=\"lqd-overlay z-index-5\"><\/a>\n\t\t\t\t\t\t\t\t\t\t\t<\/div>\n\n\t\t\t\t\t\t\t\t\t\t\t<a href=\"\/fr\/cuisines-industrielles\/\" class=\"lqd-overlay z-index-4\"><\/a>\n\t\t\t\t\t\n\t\t\t\t<\/div>\n\n\t\t\t\t\n\t\t\t\t<div class=\"lqd-af-slide d-flex flex-column align-items-center justify-content-center lqd-overlay overflow-hidden elementor-repeater-item-f8025a0\">\n\n\t\t\t\t\t<div class=\"lqd-af-slide__img lqd-overlay overflow-hidden will-change-transform\">\n\t\t\t\t\t\t<div class=\"lqd-af-slide__img__inner w-100 h-100 overflow-hidden will-change-transform\">\n\t\t\t\t\t\t\t<figure class=\"w-100 h-100 overflow-hidden will-change-transform\"><img decoding=\"async\" class=\"w-100 h-100 objfit-cover objpos-center\" src=\"https:\/\/tradentis.com\/fr\/wp-content\/uploads\/2025\/12\/Equipment.jpg\" alt=\"\u00c9QUIPEMENT\" title=\"\"><span class=\"lqd-overlay\"><\/span><\/figure>\t\t\t\t\t\t\t<span class=\"lqd-overlay\"><\/span>\n\t\t\t\t\t\t<\/div>\n\t\t\t\t\t<\/div>\n\n\t\t\t\t\t<div class=\"lqd-af-slide__content w-100 pos-rel z-index-5\">\n\t\t\t\t\t\t\t\t\t\t\t\t\t<div class=\"lqd-af-slide__title-container d-inline-block pos-rel\">\n\t\t\t\t\t\t\t\t<svg class=\"lqd-af-slide__title-svg lqd-overlay\" height=\"100\" width=\"100\">\n\t\t\t\t\t\t\t\t\t<mask id=\"slide-f8025a0\">\n\t\t\t\t\t\t\t\t\t\t<rect x=\"0\" y=\"0\" width=\"100%\" height=\"100%\" fill=\"#fff\" class=\"lqd-af-slide__mask-rect\" \/>\n\t\t\t\t\t\t\t\t\t\t<text dominant-baseline=\"middle\" text-anchor=\"start\" x=\"0.35em\" y=\"55%\" class=\"lqd-af-slide__title lqd-af-slide__title-text h2\" fill=\"#000\">\u00c9QUIPEMENT<\/text>\n\t\t\t\t\t\t\t\t\t<\/mask>\n\t\t\t\t\t\t\t\t\t<rect width=\"100%\" height=\"100%\" class=\"lqd-af-slide__title-bg\" mask=\"url(#slide-f8025a0)\" fill=\"currentColor\"\/>\n\t\t\t\t\t\t\t\t<\/svg>\n\t\t\t\t\t\t\t\t<h2 class=\"lqd-af-slide__title invisible ws-nowrap\">\u00c9QUIPEMENT<\/h2>\n\t\t\t\t\t\t\t<\/div>\n\t\t\t\t\t\t\t<p class=\"lqd-af-slide__desc pos-rel\">Machines, outils et composants essentiels pour les secteurs de l'\u00e9lectricit\u00e9\/\u00e9lectronique, de la construction, de l'h\u00f4tellerie et de l'agriculture \u2014 des solutions fiables et performantes, adapt\u00e9es \u00e0 vos besoins industriels.<\/p>\t\t\t\t\t\t<div class=\"lqd-af-slide__link\">\n\t\t\t\t\t\t\t\t\t\t\t\t\t<\/div>\n\t\t\t\t\t\t<!-- for custom cursor arrow -->\n\t\t\t\t\t\t\t\t\t\t\t\t\t\t\t\t\t\t\t\t<a href=\"\/fr\/equipement\/\" class=\"lqd-overlay z-index-5\"><\/a>\n\t\t\t\t\t\t\t\t\t\t\t<\/div>\n\n\t\t\t\t\t\t\t\t\t\t\t<a href=\"\/fr\/equipement\/\" class=\"lqd-overlay z-index-4\"><\/a>\n\t\t\t\t\t\n\t\t\t\t<\/div>\n\n\t\t\t\t\n\t\t\t\t<div class=\"lqd-af-slide d-flex flex-column align-items-center justify-content-center lqd-overlay overflow-hidden elementor-repeater-item-0364a25\">\n\n\t\t\t\t\t<div class=\"lqd-af-slide__img lqd-overlay overflow-hidden will-change-transform\">\n\t\t\t\t\t\t<div class=\"lqd-af-slide__img__inner w-100 h-100 overflow-hidden will-change-transform\">\n\t\t\t\t\t\t\t<figure class=\"w-100 h-100 overflow-hidden will-change-transform\"><img decoding=\"async\" class=\"w-100 h-100 objfit-cover objpos-center\" src=\"https:\/\/tradentis.com\/fr\/wp-content\/uploads\/2025\/12\/Home-slayt-textil.jpg\" alt=\"TEXTILE\" title=\"\"><span class=\"lqd-overlay\"><\/span><\/figure>\t\t\t\t\t\t\t<span class=\"lqd-overlay\"><\/span>\n\t\t\t\t\t\t<\/div>\n\t\t\t\t\t<\/div>\n\n\t\t\t\t\t<div class=\"lqd-af-slide__content w-100 pos-rel z-index-5\">\n\t\t\t\t\t\t\t\t\t\t\t\t\t<div class=\"lqd-af-slide__title-container d-inline-block pos-rel\">\n\t\t\t\t\t\t\t\t<svg class=\"lqd-af-slide__title-svg lqd-overlay\" height=\"100\" width=\"100\">\n\t\t\t\t\t\t\t\t\t<mask id=\"slide-0364a25\">\n\t\t\t\t\t\t\t\t\t\t<rect x=\"0\" y=\"0\" width=\"100%\" height=\"100%\" fill=\"#fff\" class=\"lqd-af-slide__mask-rect\" \/>\n\t\t\t\t\t\t\t\t\t\t<text dominant-baseline=\"middle\" text-anchor=\"start\" x=\"0.35em\" y=\"55%\" class=\"lqd-af-slide__title lqd-af-slide__title-text h2\" fill=\"#000\">TEXTILE<\/text>\n\t\t\t\t\t\t\t\t\t<\/mask>\n\t\t\t\t\t\t\t\t\t<rect width=\"100%\" height=\"100%\" class=\"lqd-af-slide__title-bg\" mask=\"url(#slide-0364a25)\" fill=\"currentColor\"\/>\n\t\t\t\t\t\t\t\t<\/svg>\n\t\t\t\t\t\t\t\t<h2 class=\"lqd-af-slide__title invisible ws-nowrap\">TEXTILE<\/h2>\n\t\t\t\t\t\t\t<\/div>\n\t\t\t\t\t\t\t<p class=\"lqd-af-slide__desc pos-rel\">Produits textiles de haute qualit\u00e9, con\u00e7us et adapt\u00e9s \u00e0 vos projets sp\u00e9cifiques pour les restaurants, les h\u00f4tels, les \u00e9coles et les v\u00eatements de travail professionnels.<\/p>\t\t\t\t\t\t<div class=\"lqd-af-slide__link\">\n\t\t\t\t\t\t\t\t\t\t\t\t\t<\/div>\n\t\t\t\t\t\t<!-- for custom cursor arrow -->\n\t\t\t\t\t\t\t\t\t\t\t\t\t\t\t\t\t\t\t\t<a href=\"\/fr\/textile\/\" class=\"lqd-overlay z-index-5\"><\/a>\n\t\t\t\t\t\t\t\t\t\t\t<\/div>\n\n\t\t\t\t\t\t\t\t\t\t\t<a href=\"\/fr\/textile\/\" class=\"lqd-overlay z-index-4\"><\/a>\n\t\t\t\t\t\n\t\t\t\t<\/div>\n\n\t\t\t\t\n\t\t\t\t<div class=\"lqd-af-slide d-flex flex-column align-items-center justify-content-center lqd-overlay overflow-hidden elementor-repeater-item-caf20bf\">\n\n\t\t\t\t\t<div class=\"lqd-af-slide__img lqd-overlay overflow-hidden will-change-transform\">\n\t\t\t\t\t\t<div class=\"lqd-af-slide__img__inner w-100 h-100 overflow-hidden will-change-transform\">\n\t\t\t\t\t\t\t<figure class=\"w-100 h-100 overflow-hidden will-change-transform\"><img decoding=\"async\" class=\"w-100 h-100 objfit-cover objpos-center\" src=\"https:\/\/tradentis.com\/fr\/wp-content\/uploads\/2025\/12\/industrial-3D-solutions.jpg\" alt=\"SOLUTIONS 3D INDUSTRIELLES\" title=\"\"><span class=\"lqd-overlay\"><\/span><\/figure>\t\t\t\t\t\t\t<span class=\"lqd-overlay\"><\/span>\n\t\t\t\t\t\t<\/div>\n\t\t\t\t\t<\/div>\n\n\t\t\t\t\t<div class=\"lqd-af-slide__content w-100 pos-rel z-index-5\">\n\t\t\t\t\t\t\t\t\t\t\t\t\t<div class=\"lqd-af-slide__title-container d-inline-block pos-rel\">\n\t\t\t\t\t\t\t\t<svg class=\"lqd-af-slide__title-svg lqd-overlay\" height=\"100\" width=\"100\">\n\t\t\t\t\t\t\t\t\t<mask id=\"slide-caf20bf\">\n\t\t\t\t\t\t\t\t\t\t<rect x=\"0\" y=\"0\" width=\"100%\" height=\"100%\" fill=\"#fff\" class=\"lqd-af-slide__mask-rect\" \/>\n\t\t\t\t\t\t\t\t\t\t<text dominant-baseline=\"middle\" text-anchor=\"start\" x=\"0.35em\" y=\"55%\" class=\"lqd-af-slide__title lqd-af-slide__title-text h2\" fill=\"#000\">SOLUTIONS 3D INDUSTRIELLES<\/text>\n\t\t\t\t\t\t\t\t\t<\/mask>\n\t\t\t\t\t\t\t\t\t<rect width=\"100%\" height=\"100%\" class=\"lqd-af-slide__title-bg\" mask=\"url(#slide-caf20bf)\" fill=\"currentColor\"\/>\n\t\t\t\t\t\t\t\t<\/svg>\n\t\t\t\t\t\t\t\t<h2 class=\"lqd-af-slide__title invisible ws-nowrap\">SOLUTIONS 3D INDUSTRIELLES<\/h2>\n\t\t\t\t\t\t\t<\/div>\n\t\t\t\t\t\t\t<p class=\"lqd-af-slide__desc pos-rel\">Solutions 3D haute performance con\u00e7ues pour des applications industrielles, incluant le prototypage, les pi\u00e8ces de production et les composants techniques sur mesure.<\/p>\t\t\t\t\t\t<div class=\"lqd-af-slide__link\">\n\t\t\t\t\t\t\t\t\t\t\t\t\t<\/div>\n\t\t\t\t\t\t<!-- for custom cursor arrow -->\n\t\t\t\t\t\t\t\t\t\t\t\t\t\t\t\t\t\t\t\t<a href=\"\/fr\/solutions-3d-industrielles\/\" class=\"lqd-overlay z-index-5\"><\/a>\n\t\t\t\t\t\t\t\t\t\t\t<\/div>\n\n\t\t\t\t\t\t\t\t\t\t\t<a href=\"\/fr\/solutions-3d-industrielles\/\" class=\"lqd-overlay z-index-4\"><\/a>\n\t\t\t\t\t\n\t\t\t\t<\/div>\n\n\t\t\t\t\t\t\t<\/div>\n\n\t\t\t<nav class=\"lqd-af-slidenav d-inline-flex pos-abs z-index-5 text-center\">\n\t\t\t\t<button class=\"lqd-af-slidenav__item lqd-af-slidenav__item--prev d-inline-flex align-items-center justify-content-center pos-rel\">\n\t\t\t\t\t<svg xmlns=\"http:\/\/www.w3.org\/2000\/svg\" width=\"21\" height=\"32\" viewBox=\"0 0 21 32\" style=\"width: 1em; height: 1em;\"><path d=\"M10.5 18.375l7.938-7.938c.562-.562 1.562-.562 2.125 0s.562 1.563 0 2.126l-9 9c-.563.562-1.5.625-2.063.062L.437 12.562C.126 12.25 0 11.876 0 11.5s.125-.75.438-1.063c.562-.562 1.562-.562 2.124 0z\" fill=\"currentColor\"><\/path><\/svg>\n\t\t\t\t<\/button>\n\t\t\t\t<button class=\"lqd-af-slidenav__item lqd-af-slidenav__item--next d-inline-flex align-items-center justify-content-center pos-rel\">\n\t\t\t\t\t<svg xmlns=\"http:\/\/www.w3.org\/2000\/svg\" width=\"21\" height=\"32\" viewBox=\"0 0 21 32\" style=\"width: 1em; height: 1em;\"><path d=\"M10.5 13.625l-7.938 7.938c-.562.562-1.562.562-2.124 0C.124 21.25 0 20.875 0 20.5s.125-.75.438-1.063L9.5 10.376c.563-.563 1.5-.5 2.063.063l9 9c.562.562.562 1.562 0 2.125s-1.563.562-2.125 0z\" fill=\"currentColor\"><\/path><\/svg>\n\t\t\t\t<\/button>\n\t\t\t<\/nav>\n\n\t\t\t<div class=\"lqd-af-slidenum pos-abs\">\n\t\t\t\t<span class=\"lqd-af-slidenum__line lqd-af-slidenum__line--before d-inline-flex align-items-center\"><\/span>\n\t\t\t\t<div class=\"lqd-af-slidenum__nums d-flex align-items-center\">\n\t\t\t\t\t<span class=\"lqd-af-slidenum__current d-inline-flex align-items-center pos-rel overflow-hidden\">\n\t\t\t\t\t\t<span class=\"pos-abs pos-tl\">\n\t\t\t\t\t\t\t\t\t\t\t\t\t\t\t<span class=\"d-flex align-items-center justify-content-center\">1<\/span>\n\t\t\t\t\t\t\t\t\t\t\t\t\t\t\t<span class=\"d-flex align-items-center justify-content-center\">2<\/span>\n\t\t\t\t\t\t\t\t\t\t\t\t\t\t\t<span class=\"d-flex align-items-center justify-content-center\">3<\/span>\n\t\t\t\t\t\t\t\t\t\t\t\t\t\t\t<span class=\"d-flex align-items-center justify-content-center\">4<\/span>\n\t\t\t\t\t\t\t\t\t\t\t\t\t\t\t<span class=\"d-flex align-items-center justify-content-center\">5<\/span>\n\t\t\t\t\t\t\t\t\t\t\t\t\t\t\t<span class=\"d-flex align-items-center justify-content-center\">6<\/span>\n\t\t\t\t\t\t\t\t\t\t\t\t\t<\/span>\n\t\t\t\t\t<\/span>\n\t\t\t\t\t<span class=\"lqd-af-slidenum__total\">6<\/span>\n\t\t\t\t<\/div>\n\t\t\t\t<span class=\"lqd-af-slidenum__line lqd-af-slidenum__line--after d-inline-flex align-items-center\"><\/span>\n\t\t\t<\/div>\n\n\t\t<\/div>\n\n\t\t\t\t\t\t<\/div>\n\t\t\t\t<\/div>\n\t\t\t\t\t<\/div>\n\t\t<\/div>\n\t\t\t\t\t<\/div>\n\t\t<\/section>\n\t\t<div class=\"elementor-element elementor-element-759334d e-flex e-con-boxed e-con e-parent\" data-id=\"759334d\" data-element_type=\"container\" data-e-type=\"container\">\n\t\t\t\t\t<div class=\"e-con-inner\">\n\t\t\t\t<div class=\"elementor-element elementor-element-12567d1 elementor-widget elementor-widget-html\" data-id=\"12567d1\" data-element_type=\"widget\" data-e-type=\"widget\" data-widget_type=\"html.default\">\n\t\t\t\t\t<script>\r\njQuery(document).ready(function($) {\r\n    \r\n    \/\/ --- AYARLAR ---\r\n    var frLink = \"https:\/\/tradentis.com\/fr\/\"; \/\/ Fransa linki\r\n    var trLink = \"https:\/\/tradentis.com\/\";    \/\/ Ana sayfa (T\u00fcrkiye) linki\r\n    \/\/ ----------------\r\n\r\n    \/\/ ZAMANLAYICI BA\u015eLAT (Her yar\u0131m saniyede bir kontrol et)\r\n    var avciInterval = setInterval(function() {\r\n        \r\n        \/\/ T\u00fcm metinleri tara\r\n        $(\".ld-module-trigger-txt\").each(function() {\r\n            var yazi = $(this).text().trim(); \/\/ Butondaki yaz\u0131y\u0131 al (FR mi, TR mi?)\r\n            var hedefLink = \"\";\r\n\r\n            \/\/ KURAL 1: E\u011fer yaz\u0131 \"FR\" ise\r\n            if (yazi === \"FR\") {\r\n                hedefLink = frLink;\r\n            } \r\n            \/\/ KURAL 2: E\u011fer yaz\u0131 \"TR\" veya \"EN\" ise (Geri d\u00f6n\u00fc\u015f i\u00e7in)\r\n            else if (yazi === \"TR\" || yazi === \"EN\") {\r\n                hedefLink = trLink;\r\n            }\r\n\r\n            \/\/ E\u011fer bir hedef belirlendiyse OPERASYONU BA\u015eLAT\r\n            if (hedefLink !== \"\") {\r\n                var anaButon = $(this).closest(\".ld-module-trigger\");\r\n\r\n                \/\/ E\u011fer buton daha \u00f6nce d\u00f6n\u00fc\u015ft\u00fcr\u00fclmediyse i\u015flem yap\r\n                if (!anaButon.hasClass(\"link-donusturuldu\")) {\r\n                    \r\n                    \/\/ A. Gereksiz men\u00fcleri sil\r\n                    anaButon.find(\".ld-module-dropdown\").remove();\r\n                    anaButon.find(\".ld-dropdown-menu\").remove();\r\n\r\n                    \/\/ B. Tetikleyicileri temizle\r\n                    anaButon.removeAttr(\"data-toggle data-target aria-controls\");\r\n                    anaButon.removeClass(\"collapsed\");\r\n\r\n                    \/\/ C. Butonu Klonla (Resetle)\r\n                    var yeniButon = anaButon.clone();\r\n                    anaButon.replaceWith(yeniButon);\r\n                    \r\n                    \/\/ \u0130\u015faret koy (Tekrar tekrar i\u015flem yapmas\u0131n)\r\n                    yeniButon.addClass(\"link-donusturuldu\");\r\n\r\n                    \/\/ D. T\u0131klama \u00f6zelli\u011fi ver\r\n                    yeniButon.on(\"click\", function(e) {\r\n                        e.preventDefault();\r\n                        e.stopImmediatePropagation();\r\n                        window.location.href = hedefLink; \/\/ \u0130lgili linke git\r\n                    });\r\n\r\n                    \/\/ E. G\u00f6rsel\r\n                    yeniButon.css(\"cursor\", \"pointer\");\r\n                    \r\n                    console.log(\"Programc\u0131 Modu: \" + yazi + \" butonu ba\u015far\u0131yla \" + hedefLink + \" adresine ba\u011fland\u0131.\");\r\n                }\r\n            }\r\n        });\r\n\r\n    }, 500); \/\/ 500ms d\u00f6ng\u00fc\r\n\r\n    \/\/ 10 saniye sonra taramay\u0131 durdur (Performans i\u00e7in)\r\n    setTimeout(function() { clearInterval(avciInterval); }, 10000);\r\n});\r\n<\/script>\t\t\t\t<\/div>\n\t\t\t\t\t<\/div>\n\t\t\t\t<\/div>\n\t\t\t\t<\/div>\n\t\t","protected":false},"excerpt":{"rendered":"<p>TRADENTIS Turquie TRADENTIS Turquie Votre partenaire de confiance en approvisionnement et solutions industrielles. De la conception \u00e0 la livraison en Afrique et en Europe, TRADENTIS assure un service d&rsquo;approvisionnement complet et fiable pour tous vos am\u00e9nagements professionnels. MOBILIER MOBILIER Mobilier de haute qualit\u00e9, con\u00e7u et adapt\u00e9 \u00e0 vos projets sp\u00e9cifiques pour les restaurants, les bureaux, [&hellip;]<\/p>\n","protected":false},"author":1,"featured_media":10471,"parent":0,"menu_order":0,"comment_status":"closed","ping_status":"closed","template":"","meta":{"footnotes":""},"class_list":["post-7","page","type-page","status-publish","has-post-thumbnail","hentry"],"_links":{"self":[{"href":"https:\/\/tradentis.com\/fr\/wp-json\/wp\/v2\/pages\/7","targetHints":{"allow":["GET"]}}],"collection":[{"href":"https:\/\/tradentis.com\/fr\/wp-json\/wp\/v2\/pages"}],"about":[{"href":"https:\/\/tradentis.com\/fr\/wp-json\/wp\/v2\/types\/page"}],"author":[{"embeddable":true,"href":"https:\/\/tradentis.com\/fr\/wp-json\/wp\/v2\/users\/1"}],"replies":[{"embeddable":true,"href":"https:\/\/tradentis.com\/fr\/wp-json\/wp\/v2\/comments?post=7"}],"version-history":[{"count":0,"href":"https:\/\/tradentis.com\/fr\/wp-json\/wp\/v2\/pages\/7\/revisions"}],"wp:featuredmedia":[{"embeddable":true,"href":"https:\/\/tradentis.com\/fr\/wp-json\/wp\/v2\/media\/10471"}],"wp:attachment":[{"href":"https:\/\/tradentis.com\/fr\/wp-json\/wp\/v2\/media?parent=7"}],"curies":[{"name":"wp","href":"https:\/\/api.w.org\/{rel}","templated":true}]}}