{"id":8013,"date":"2022-04-07T15:54:14","date_gmt":"2022-04-07T15:54:14","guid":{"rendered":"https:\/\/staging-arc.liquid-themes.com\/modern-blocks\/?page_id=8013"},"modified":"2026-01-21T00:29:42","modified_gmt":"2026-01-21T00:29:42","slug":"contact","status":"publish","type":"page","link":"https:\/\/tradentis.com\/fr\/contact\/","title":{"rendered":"Contact"},"content":{"rendered":"\t\t<div data-elementor-type=\"wp-page\" data-elementor-id=\"8013\" class=\"elementor elementor-8013\">\n\t\t\t\t\t\t<section class=\"elementor-section elementor-top-section elementor-element elementor-element-4f810685 elementor-section-boxed elementor-section-height-default elementor-section-height-default\" data-id=\"4f810685\" data-element_type=\"section\" data-e-type=\"section\">\n\t\t\t\t\t\t<div class=\"elementor-container elementor-column-gap-default\">\n\t\t\t\t\t<div class=\"elementor-column elementor-col-50 elementor-top-column elementor-element elementor-element-2757e6b8\" data-id=\"2757e6b8\" data-element_type=\"column\" data-e-type=\"column\">\n\t\t\t<div class=\"elementor-widget-wrap elementor-element-populated\">\n\t\t\t\t\t\t<div class=\"elementor-element elementor-element-5cb8888d elementor-widget elementor-widget-hub_fancy_heading\" data-id=\"5cb8888d\" data-element_type=\"widget\" data-e-type=\"widget\" data-widget_type=\"hub_fancy_heading.default\">\n\t\t\t\t<div class=\"elementor-widget-container\">\n\t\t\t\t\t\n\t\t<div id=\"ld-fancy-heading-69e3901f43fd5\" class=\"ld-fancy-heading pos-rel\">\n\t\t\t<h1 class=\"ld-fh-element d-inline-block pos-rel  elementor-heading-title lqd-highlight-classic lqd-highlight-grow-left h1\"  > Contactez-nous<\/h1>\t\t<\/div>\n\n\t\t\t\t\t\t<\/div>\n\t\t\t\t<\/div>\n\t\t\t\t<div class=\"elementor-element elementor-element-5ba2d33e elementor-widget elementor-widget-hub_fancy_heading\" data-id=\"5ba2d33e\" data-element_type=\"widget\" data-e-type=\"widget\" data-widget_type=\"hub_fancy_heading.default\">\n\t\t\t\t<div class=\"elementor-widget-container\">\n\t\t\t\t\t\n\t\t<div id=\"ld-fancy-heading-69e3901f4449f\" class=\"ld-fancy-heading pos-rel\">\n\t\t\t<p class=\"ld-fh-element d-inline-block pos-rel  lqd-highlight-classic lqd-highlight-grow-left p\"  > Nous sommes \u00e0 votre disposition pour r\u00e9pondre \u00e0 toutes vos questions. N'h\u00e9sitez pas \u00e0 nous contacter via notre formulaire de contact.<\/p>\t\t<\/div>\n\n\t\t\t\t\t\t<\/div>\n\t\t\t\t<\/div>\n\t\t\t\t<div class=\"elementor-element elementor-element-2cb0167a elementor-align-left elementor-widget elementor-widget-ld_icon_box\" data-id=\"2cb0167a\" data-element_type=\"widget\" data-e-type=\"widget\" data-widget_type=\"ld_icon_box.default\">\n\t\t\t\t<div class=\"elementor-widget-container\">\n\t\t\t\t\t\n\t\t\t<div id=\"ld_icon_box_2cb0167a\" class=\"iconbox d-flex flex-grow-1 pos-rel flex-wrap align-items-center iconbox-inline iconbox-icon-shaped iconbox-circle iconbox-icon-ripple\"  data-shape-border=\"3\" >\n\n\t\t\t\t\n\t\t\t\t<div class=\"iconbox-icon-wrap  \"><div class=\"iconbox-icon-container d-inline-flex pos-rel z-index-1 border-radius-circle\"><img decoding=\"async\" src=\"https:\/\/tradentis.com\/fr\/wp-content\/uploads\/2025\/12\/map.png\" class=\"lqd-image-icon\" alt=\"\" title=\"\"><\/div><\/div>\n\t\t\t\t<h3 class=\"lqd-iconbox-heading\" >Business Istanbul Plaza<br>Kad\u0131k\u00f6y, Istanbul <\/h3>\n\t\t\t\t\n\t\t\t\t\n\t\t\t\t\t\t\t\t<p class=\"lqd-iconbox-content\"><\/p>\n\t\t\t\t\n\t\t\t\t\n\t\t\t\t<a href=\"mailto:project@tradentis.com\/fr\" target=\"_blank\" rel=\"nofollow\" class=\"lqd-overlay z-index-2\"><\/a>\n\t\t\t<\/div>\n\n\t\t\t\t\t\t<\/div>\n\t\t\t\t<\/div>\n\t\t\t\t<div class=\"elementor-element elementor-element-3eb86c8 elementor-align-left elementor-widget elementor-widget-ld_icon_box\" data-id=\"3eb86c8\" data-element_type=\"widget\" data-e-type=\"widget\" data-widget_type=\"ld_icon_box.default\">\n\t\t\t\t<div class=\"elementor-widget-container\">\n\t\t\t\t\t\n\t\t\t<div id=\"ld_icon_box_3eb86c8\" class=\"iconbox d-flex flex-grow-1 pos-rel flex-wrap align-items-center iconbox-inline iconbox-icon-shaped iconbox-circle iconbox-icon-ripple\"  data-shape-border=\"3\" >\n\n\t\t\t\t\n\t\t\t\t<div class=\"iconbox-icon-wrap  \"><div class=\"iconbox-icon-container d-inline-flex pos-rel z-index-1 border-radius-circle\"><img decoding=\"async\" src=\"https:\/\/tradentis.com\/fr\/wp-content\/uploads\/2025\/12\/mail-1.png\" class=\"lqd-image-icon\" alt=\"\" title=\"\"><\/div><\/div>\n\t\t\t\t<h3 class=\"lqd-iconbox-heading\" >Email: <a href=\"mailto:project@tradentis.com\">project@tradentis.com<\/a> <\/h3>\n\t\t\t\t\n\t\t\t\t\n\t\t\t\t\t\t\t\t<p class=\"lqd-iconbox-content\"><\/p>\n\t\t\t\t\n\t\t\t\t\n\t\t\t\t<a href=\"mailto:project@tradentis.com\/fr\" target=\"_blank\" rel=\"nofollow\" class=\"lqd-overlay z-index-2\"><\/a>\n\t\t\t<\/div>\n\n\t\t\t\t\t\t<\/div>\n\t\t\t\t<\/div>\n\t\t\t\t<div class=\"elementor-element elementor-element-64f37ce elementor-align-left elementor-widget elementor-widget-ld_icon_box\" data-id=\"64f37ce\" data-element_type=\"widget\" data-e-type=\"widget\" data-widget_type=\"ld_icon_box.default\">\n\t\t\t\t<div class=\"elementor-widget-container\">\n\t\t\t\t\t\n\t\t\t<div id=\"ld_icon_box_64f37ce\" class=\"iconbox d-flex flex-grow-1 pos-rel flex-wrap align-items-center iconbox-inline iconbox-icon-shaped iconbox-circle iconbox-icon-ripple\"  data-shape-border=\"3\" >\n\n\t\t\t\t\n\t\t\t\t<div class=\"iconbox-icon-wrap  \"><div class=\"iconbox-icon-container d-inline-flex pos-rel z-index-1 border-radius-circle\"><img decoding=\"async\" src=\"https:\/\/tradentis.com\/fr\/wp-content\/uploads\/2025\/12\/phone-white.png\" class=\"lqd-image-icon\" alt=\"\" title=\"\"><\/div><\/div>\n\t\t\t\t<h3 class=\"lqd-iconbox-heading\" >T\u00e9l\u00e9phone: <a href=\"https:\/\/wa.me\/33780993668\" target=\"_blank\" style=\"color: inherit;text-decoration: none\" rel=\"noopener\">+33 780 99 36 68<\/a> <\/h3>\n\t\t\t\t\n\t\t\t\t\n\t\t\t\t\t\t\t\t<p class=\"lqd-iconbox-content\"><\/p>\n\t\t\t\t\n\t\t\t\t\n\t\t\t\t\n\t\t\t<\/div>\n\n\t\t\t\t\t\t<\/div>\n\t\t\t\t<\/div>\n\t\t\t\t\t<\/div>\n\t\t<\/div>\n\t\t\t\t<div class=\"elementor-column elementor-col-50 elementor-top-column elementor-element elementor-element-3e62051a\" data-id=\"3e62051a\" data-element_type=\"column\" data-e-type=\"column\">\n\t\t\t<div class=\"elementor-widget-wrap elementor-element-populated\">\n\t\t\t\t\t\t<div class=\"elementor-element elementor-element-fb96a69 elementor-widget elementor-widget-image\" data-id=\"fb96a69\" data-element_type=\"widget\" data-e-type=\"widget\" data-widget_type=\"image.default\">\n\t\t\t\t\t\t\t\t\t\t\t\t\t\t\t<img fetchpriority=\"high\" decoding=\"async\" width=\"1024\" height=\"1024\" src=\"https:\/\/tradentis.com\/fr\/wp-content\/uploads\/sites\/2\/2025\/12\/TRANDETIS-Turkey_2.png\" class=\"attachment-full size-full wp-image-11276\" alt=\"\" srcset=\"https:\/\/tradentis.com\/fr\/wp-content\/uploads\/sites\/2\/2025\/12\/TRANDETIS-Turkey_2.png 1024w, https:\/\/tradentis.com\/fr\/wp-content\/uploads\/sites\/2\/2025\/12\/TRANDETIS-Turkey_2-300x300.png 300w, https:\/\/tradentis.com\/fr\/wp-content\/uploads\/sites\/2\/2025\/12\/TRANDETIS-Turkey_2-150x150.png 150w, https:\/\/tradentis.com\/fr\/wp-content\/uploads\/sites\/2\/2025\/12\/TRANDETIS-Turkey_2-320x320.png 320w, https:\/\/tradentis.com\/fr\/wp-content\/uploads\/sites\/2\/2025\/12\/TRANDETIS-Turkey_2-760x760.png 760w, https:\/\/tradentis.com\/fr\/wp-content\/uploads\/sites\/2\/2025\/12\/TRANDETIS-Turkey_2-600x600.png 600w\" sizes=\"(max-width: 1024px) 100vw, 1024px\" title=\"\">\t\t\t\t\t\t\t\t\t\t\t\t\t\t\t<\/div>\n\t\t\t\t\t<\/div>\n\t\t<\/div>\n\t\t\t\t\t<\/div>\n\t\t<\/section>\n\t\t\t\t<section class=\"elementor-section elementor-top-section elementor-element elementor-element-36fdb9c2 elementor-section-content-middle elementor-section-boxed elementor-section-height-default elementor-section-height-default\" data-id=\"36fdb9c2\" data-element_type=\"section\" data-e-type=\"section\">\n\t\t\t\t\t\t\t<div class=\"elementor-background-overlay\"><\/div>\n\t\t\t\t\t\t\t<div class=\"elementor-container elementor-column-gap-default\">\n\t\t\t\t\t<div class=\"elementor-column elementor-col-100 elementor-top-column elementor-element elementor-element-1acab097\" data-id=\"1acab097\" data-element_type=\"column\" data-e-type=\"column\">\n\t\t\t<div class=\"elementor-widget-wrap elementor-element-populated\">\n\t\t\t\t\t\t<div class=\"elementor-element elementor-element-62e5f0dc elementor-widget elementor-widget-ld_cf722\" data-id=\"62e5f0dc\" data-element_type=\"widget\" data-e-type=\"widget\" data-widget_type=\"ld_cf722.default\">\n\t\t\t\t<div class=\"elementor-widget-container\">\n\t\t\t\t\t\n\t<div class=\"lqd-contact-form lqd-contact-form-inputs-underlined lqd-contact-form-inputs-border-none lqd-contact-form-button-block lqd-contact-form-button-lg lqd-contact-form-inputs-sm\" >\n\t\t\n<div class=\"wpcf7 no-js\" id=\"wpcf7-f8012-o1\" lang=\"en-US\" dir=\"ltr\" data-wpcf7-id=\"8012\">\n<div class=\"screen-reader-response\"><p role=\"status\" aria-live=\"polite\" aria-atomic=\"true\"><\/p> <ul><\/ul><\/div>\n<form action=\"\/fr\/wp-json\/wp\/v2\/pages\/8013#wpcf7-f8012-o1\" method=\"post\" class=\"wpcf7-form init\" aria-label=\"Contact form\" novalidate=\"novalidate\" data-status=\"init\">\n<fieldset class=\"hidden-fields-container\"><input type=\"hidden\" name=\"_wpcf7\" value=\"8012\" \/><input type=\"hidden\" name=\"_wpcf7_version\" value=\"6.1.5\" \/><input type=\"hidden\" name=\"_wpcf7_locale\" value=\"en_US\" \/><input type=\"hidden\" name=\"_wpcf7_unit_tag\" value=\"wpcf7-f8012-o1\" \/><input type=\"hidden\" name=\"_wpcf7_container_post\" value=\"0\" \/><input type=\"hidden\" name=\"_wpcf7_posted_data_hash\" value=\"\" \/>\n<\/fieldset>\n<style>\n\/* Mobil Cihazlar \u0130\u00e7in D\u00fczenleme *\/\n@media (max-width: 991px) {\n .modal-b {\n border: 1px solid #343434 !important; \/* T\u00fcm kenarl\u0131klar\u0131 zorla *\/\n }\n \/* Mobilde \u00f6zel kenarl\u0131k kald\u0131rma s\u0131n\u0131flar\u0131n\u0131 etkisiz hale getir *\/\n .modal-bl-n, .modal-bb-n {\n border-left: 1px solid #343434 !important;\n border-bottom: 1px solid #343434 !important;\n }\n}\n\n\/* Genel Stiller *\/\n.modal-b {\n border: 1px solid #343434;\n}\n.modal-bl-n {\n border-left: none; \/* Masa\u00fcst\u00fcnde sol kenarl\u0131\u011f\u0131 kald\u0131r\u0131r *\/\n}\n.modal-bb-n {\n border-bottom: none; \/* Alt kenarl\u0131\u011f\u0131 kald\u0131r\u0131r *\/\n}\n.modal-p {\n padding: 20px 10px 15px 20px;\n}\n.modal-text {\n margin: 0;\n color: #4B4B4C;\n font-size: 14px;\n font-weight: 600; \/* Okunabilirlik i\u00e7in eklendi *\/\n}\n<\/style>\n<div class=\"row p3\">\n\t<div class=\"col-md-6 modal-p modal-b modal-bb-n\">\n\t\t<p class=\"modal-text\">Nom & Pr\u00e9nom\n\t\t<\/p>\n\t\t<p><span class=\"wpcf7-form-control-wrap\" data-name=\"name-619\"><input size=\"40\" maxlength=\"400\" class=\"wpcf7-form-control wpcf7-text wpcf7-validates-as-required\" aria-required=\"true\" aria-invalid=\"false\" placeholder=\"Quel est votre nom ?\" value=\"\" type=\"text\" name=\"name-619\" \/><\/span>\n\t\t<\/p>\n\t<\/div>\n\t<div class=\"col-md-6 modal-p modal-b modal-bb-n modal-bl-n\">\n\t\t<p class=\"modal-text\">Adresse E-mail\n\t\t<\/p>\n\t\t<p><span class=\"wpcf7-form-control-wrap\" data-name=\"email-899\"><input size=\"40\" maxlength=\"400\" class=\"wpcf7-form-control wpcf7-email wpcf7-validates-as-required wpcf7-text wpcf7-validates-as-email\" aria-required=\"true\" aria-invalid=\"false\" placeholder=\"Saisissez votre adresse e-mail\" value=\"\" type=\"email\" name=\"email-899\" \/><\/span>\n\t\t<\/p>\n\t<\/div>\n\t<div class=\"col-md-6 modal-p modal-b modal-bb-n\">\n\t\t<p class=\"modal-text\">Facultatif\n\t\t<\/p>\n\t\t<p><span class=\"wpcf7-form-control-wrap\" data-name=\"tel-785\"><input size=\"40\" maxlength=\"400\" class=\"wpcf7-form-control wpcf7-tel wpcf7-text wpcf7-validates-as-tel\" aria-invalid=\"false\" placeholder=\"Votre num\u00e9ro de t\u00e9l\u00e9phone\" value=\"\" type=\"tel\" name=\"tel-785\" \/><\/span>\n\t\t<\/p>\n\t<\/div>\n\t<div class=\"col-md-6 modal-p modal-b modal-bb-n modal-bl-n\">\n\t\t<p class=\"modal-text\">Objet\n\t\t<\/p>\n\t\t<p><span class=\"wpcf7-form-control-wrap\" data-name=\"subject-250\"><input size=\"40\" maxlength=\"400\" class=\"wpcf7-form-control wpcf7-text wpcf7-validates-as-required\" aria-required=\"true\" aria-invalid=\"false\" placeholder=\"Comment pouvons-nous vous aider ?\" value=\"\" type=\"text\" name=\"subject-250\" \/><\/span>\n\t\t<\/p>\n\t<\/div>\n\t<div class=\"col-md-6 modal-p modal-b modal-bb-n\">\n\t\t<p class=\"modal-text\">Budget\n\t\t<\/p>\n\t\t<p><span class=\"wpcf7-form-control-wrap\" data-name=\"budget-251\"><input size=\"40\" maxlength=\"400\" class=\"wpcf7-form-control wpcf7-text wpcf7-validates-as-required\" aria-required=\"true\" aria-invalid=\"false\" placeholder=\"Votre budget\" value=\"\" type=\"text\" name=\"budget-251\" \/><\/span>\n\t\t<\/p>\n\t<\/div>\n\t<div class=\"col-md-6 modal-p modal-b modal-bb-n modal-bl-n\">\n\t\t<p class=\"modal-text\">Service souhait\u00e9\n\t\t<\/p>\n\t\t<p><span class=\"wpcf7-form-control-wrap\" data-name=\"text-992\"><input size=\"40\" maxlength=\"400\" class=\"wpcf7-form-control wpcf7-text wpcf7-validates-as-required\" aria-required=\"true\" aria-invalid=\"false\" placeholder=\"Quel service vous int\u00e9resse ?\" value=\"\" type=\"text\" name=\"text-992\" \/><\/span>\n\t\t<\/p>\n\t<\/div>\n\t<div class=\"col-md-12 modal-p modal-b\">\n\t\t<p class=\"modal-text\">Votre Projet\n\t\t<\/p>\n\t\t<p><span class=\"wpcf7-form-control-wrap\" data-name=\"message-889\"><textarea cols=\"10\" rows=\"5\" maxlength=\"2000\" class=\"wpcf7-form-control wpcf7-textarea wpcf7-validates-as-required\" aria-required=\"true\" aria-invalid=\"false\" placeholder=\"Parlez-nous de votre projet\" name=\"message-889\"><\/textarea><\/span>\n\t\t<\/p>\n\t<\/div>\n\t<div class=\"col-md-12 p-0 mt-4 mb-4\" style=\"font-size: 12px; color: #000000;\">\n\t\t<p><span class=\"wpcf7-form-control-wrap\" data-name=\"acceptance-666\"><span class=\"wpcf7-form-control wpcf7-acceptance optional\"><span class=\"wpcf7-list-item\"><label><input type=\"checkbox\" name=\"acceptance-666\" value=\"1\" aria-invalid=\"false\" \/><span class=\"wpcf7-list-item-label\">J'accepte les conditions d'utilisation et la politique de confidentialit\u00e9<\/span><\/label><\/span><\/span><\/span>\n\t\t<\/p>\n\t<\/div>\n\t<div class=\"col-md-12 p-0\">\n\t\t<p><input class=\"wpcf7-form-control wpcf7-submit has-spinner\" type=\"submit\" value=\"Envoyer le message\" \/>\n\t\t<\/p>\n\t<\/div>\n<\/div><p style=\"display: none !important;\" class=\"akismet-fields-container\" data-prefix=\"_wpcf7_ak_\"><label>&#916;<textarea name=\"_wpcf7_ak_hp_textarea\" cols=\"45\" rows=\"8\" maxlength=\"100\"><\/textarea><\/label><input type=\"hidden\" id=\"ak_js_1\" name=\"_wpcf7_ak_js\" value=\"113\"\/><script>document.getElementById( \"ak_js_1\" ).setAttribute( \"value\", ( new Date() ).getTime() );<\/script><\/p><div class=\"wpcf7-response-output\" aria-hidden=\"true\"><\/div>\n<\/form>\n<\/div>\n\t<\/div>\n\n\t\t\t\t\t<\/div>\n\t\t\t\t<\/div>\n\t\t\t\t\t<\/div>\n\t\t<\/div>\n\t\t\t\t\t<\/div>\n\t\t<\/section>\n\t\t\t\t<\/div>\n\t\t","protected":false},"excerpt":{"rendered":"<p>Contactez-nous Nous sommes \u00e0 votre disposition pour r\u00e9pondre \u00e0 toutes vos questions. N&rsquo;h\u00e9sitez pas \u00e0 nous contacter via notre formulaire de contact. Business Istanbul PlazaKad\u0131k\u00f6y, Istanbul Email: project@tradentis.com T\u00e9l\u00e9phone: +33 780 99 36 68 Nom &#038; Pr\u00e9nom Adresse E-mail Facultatif Objet Budget Service souhait\u00e9 Votre Projet J&rsquo;accepte les conditions d&rsquo;utilisation et la politique de confidentialit\u00e9 [&hellip;]<\/p>\n","protected":false},"author":1,"featured_media":0,"parent":0,"menu_order":0,"comment_status":"closed","ping_status":"closed","template":"","meta":{"footnotes":""},"class_list":["post-8013","page","type-page","status-publish","hentry"],"_links":{"self":[{"href":"https:\/\/tradentis.com\/fr\/wp-json\/wp\/v2\/pages\/8013","targetHints":{"allow":["GET"]}}],"collection":[{"href":"https:\/\/tradentis.com\/fr\/wp-json\/wp\/v2\/pages"}],"about":[{"href":"https:\/\/tradentis.com\/fr\/wp-json\/wp\/v2\/types\/page"}],"author":[{"embeddable":true,"href":"https:\/\/tradentis.com\/fr\/wp-json\/wp\/v2\/users\/1"}],"replies":[{"embeddable":true,"href":"https:\/\/tradentis.com\/fr\/wp-json\/wp\/v2\/comments?post=8013"}],"version-history":[{"count":0,"href":"https:\/\/tradentis.com\/fr\/wp-json\/wp\/v2\/pages\/8013\/revisions"}],"wp:attachment":[{"href":"https:\/\/tradentis.com\/fr\/wp-json\/wp\/v2\/media?parent=8013"}],"curies":[{"name":"wp","href":"https:\/\/api.w.org\/{rel}","templated":true}]}}